{"id":30,"date":"2025-11-08T00:04:23","date_gmt":"2025-11-08T00:04:23","guid":{"rendered":"https:\/\/maranathasaude.com\/?page_id=30"},"modified":"2025-11-10T19:22:14","modified_gmt":"2025-11-10T19:22:14","slug":"inicial","status":"publish","type":"page","link":"https:\/\/maranathasaude.com\/","title":{"rendered":"inicial"},"content":{"rendered":"\t\t<div data-elementor-type=\"wp-page\" data-elementor-id=\"30\" class=\"elementor elementor-30\">\n\t\t\t\t<div class=\"elementor-element elementor-element-91065c7 e-flex e-con-boxed e-con e-parent\" data-id=\"91065c7\" data-element_type=\"container\" data-e-type=\"container\">\n\t\t\t\t\t<div class=\"e-con-inner\">\n\t\t\t\t<div class=\"elementor-element elementor-element-222f571 elementor-widget elementor-widget-text-editor\" data-id=\"222f571\" data-element_type=\"widget\" data-e-type=\"widget\" data-widget_type=\"text-editor.default\">\n\t\t\t\t\t\t\t\t\t<p>Consultas e Exames em um s\u00f3 lugar: Qualidade e Pre\u00e7os Acess\u00edveis<\/p>\t\t\t\t\t\t\t\t<\/div>\n\t\t\t\t\t<\/div>\n\t\t\t\t<\/div>\n\t\t<div class=\"elementor-element elementor-element-52da782 e-flex e-con-boxed e-con e-parent\" data-id=\"52da782\" data-element_type=\"container\" data-e-type=\"container\">\n\t\t\t\t\t<div class=\"e-con-inner\">\n\t\t\t\t<div class=\"elementor-element elementor-element-d67d0a0 elementor-widget elementor-widget-heading\" data-id=\"d67d0a0\" data-element_type=\"widget\" data-e-type=\"widget\" data-widget_type=\"heading.default\">\n\t\t\t\t\t<h2 class=\"elementor-heading-title elementor-size-default\">Maranatha Sa\u00fade<\/h2>\t\t\t\t<\/div>\n\t\t\t\t<div class=\"elementor-element elementor-element-168faf8 elementor-widget elementor-widget-text-editor\" data-id=\"168faf8\" data-element_type=\"widget\" data-e-type=\"widget\" data-widget_type=\"text-editor.default\">\n\t\t\t\t\t\t\t\t\t<p style=\"text-align: center;\">Avenida Gabriel de Lara 955, Paranagu\u00e1\/PR\u00a0 CEP: 83203742<\/p>\t\t\t\t\t\t\t\t<\/div>\n\t\t\t\t\t<\/div>\n\t\t\t\t<\/div>\n\t\t<div class=\"elementor-element elementor-element-5d7aeb5 e-flex e-con-boxed e-con e-parent\" data-id=\"5d7aeb5\" data-element_type=\"container\" data-e-type=\"container\">\n\t\t\t\t\t<div class=\"e-con-inner\">\n\t\t<div class=\"elementor-element elementor-element-b4441ea e-con-full e-flex e-con e-child\" data-id=\"b4441ea\" data-element_type=\"container\" data-e-type=\"container\">\n\t\t\t\t<div class=\"elementor-element elementor-element-73a8e8d elementor-align-center elementor-widget elementor-widget-button\" data-id=\"73a8e8d\" data-element_type=\"widget\" data-e-type=\"widget\" data-widget_type=\"button.default\">\n\t\t\t\t\t\t\t\t\t\t<a class=\"elementor-button elementor-button-link elementor-size-sm\" href=\"https:\/\/api.whatsapp.com\/send\/?phone=5541984584569&#038;text=Cupom+da+Sa%C3%BAde+,+favor+n%C3%A3o+apagar+a+mensagem&#038;app_absent=0\" target=\"_blank\">\n\t\t\t\t\t\t<span class=\"elementor-button-content-wrapper\">\n\t\t\t\t\t\t<span class=\"elementor-button-icon\">\n\t\t\t\t<svg aria-hidden=\"true\" class=\"e-font-icon-svg e-fab-whatsapp\" viewBox=\"0 0 448 512\" xmlns=\"http:\/\/www.w3.org\/2000\/svg\"><path d=\"M380.9 97.1C339 55.1 283.2 32 223.9 32c-122.4 0-222 99.6-222 222 0 39.1 10.2 77.3 29.6 111L0 480l117.7-30.9c32.4 17.7 68.9 27 106.1 27h.1c122.3 0 224.1-99.6 224.1-222 0-59.3-25.2-115-67.1-157zm-157 341.6c-33.2 0-65.7-8.9-94-25.7l-6.7-4-69.8 18.3L72 359.2l-4.4-7c-18.5-29.4-28.2-63.3-28.2-98.2 0-101.7 82.8-184.5 184.6-184.5 49.3 0 95.6 19.2 130.4 54.1 34.8 34.9 56.2 81.2 56.1 130.5 0 101.8-84.9 184.6-186.6 184.6zm101.2-138.2c-5.5-2.8-32.8-16.2-37.9-18-5.1-1.9-8.8-2.8-12.5 2.8-3.7 5.6-14.3 18-17.6 21.8-3.2 3.7-6.5 4.2-12 1.4-32.6-16.3-54-29.1-75.5-66-5.7-9.8 5.7-9.1 16.3-30.3 1.8-3.7.9-6.9-.5-9.7-1.4-2.8-12.5-30.1-17.1-41.2-4.5-10.8-9.1-9.3-12.5-9.5-3.2-.2-6.9-.2-10.6-.2-3.7 0-9.7 1.4-14.8 6.9-5.1 5.6-19.4 19-19.4 46.3 0 27.3 19.9 53.7 22.6 57.4 2.8 3.7 39.1 59.7 94.8 83.8 35.2 15.2 49 16.5 66.6 13.9 10.7-1.6 32.8-13.4 37.4-26.4 4.6-13 4.6-24.1 3.2-26.4-1.3-2.5-5-3.9-10.5-6.6z\"><\/path><\/svg>\t\t\t<\/span>\n\t\t\t\t\t\t\t\t\t<span class=\"elementor-button-text\">Agende sua Consulta pelo WhatsApp<\/span>\n\t\t\t\t\t<\/span>\n\t\t\t\t\t<\/a>\n\t\t\t\t\t\t\t\t<\/div>\n\t\t\t\t<\/div>\n\t\t<div class=\"elementor-element elementor-element-ce9b944 e-con-full e-flex e-con e-child\" data-id=\"ce9b944\" data-element_type=\"container\" data-e-type=\"container\">\n\t\t\t\t<div class=\"elementor-element elementor-element-3657c38 elementor-align-center elementor-widget elementor-widget-button\" data-id=\"3657c38\" data-element_type=\"widget\" data-e-type=\"widget\" data-widget_type=\"button.default\">\n\t\t\t\t\t\t\t\t\t\t<a class=\"elementor-button elementor-button-link elementor-size-sm\" href=\"tel:4134230114\" target=\"_blank\">\n\t\t\t\t\t\t<span class=\"elementor-button-content-wrapper\">\n\t\t\t\t\t\t<span class=\"elementor-button-icon\">\n\t\t\t\t<svg aria-hidden=\"true\" class=\"e-font-icon-svg e-fas-phone-square-alt\" viewBox=\"0 0 448 512\" xmlns=\"http:\/\/www.w3.org\/2000\/svg\"><path d=\"M400 32H48A48 48 0 0 0 0 80v352a48 48 0 0 0 48 48h352a48 48 0 0 0 48-48V80a48 48 0 0 0-48-48zm-16.39 307.37l-15 65A15 15 0 0 1 354 416C194 416 64 286.29 64 126a15.7 15.7 0 0 1 11.63-14.61l65-15A18.23 18.23 0 0 1 144 96a16.27 16.27 0 0 1 13.79 9.09l30 70A17.9 17.9 0 0 1 189 181a17 17 0 0 1-5.5 11.61l-37.89 31a231.91 231.91 0 0 0 110.78 110.78l31-37.89A17 17 0 0 1 299 291a17.85 17.85 0 0 1 5.91 1.21l70 30A16.25 16.25 0 0 1 384 336a17.41 17.41 0 0 1-.39 3.37z\"><\/path><\/svg>\t\t\t<\/span>\n\t\t\t\t\t\t\t\t\t<span class=\"elementor-button-text\">Ligue para Maranatha Sa\u00fade<\/span>\n\t\t\t\t\t<\/span>\n\t\t\t\t\t<\/a>\n\t\t\t\t\t\t\t\t<\/div>\n\t\t\t\t<\/div>\n\t\t<div class=\"elementor-element elementor-element-d001d55 e-con-full e-flex e-con e-child\" data-id=\"d001d55\" data-element_type=\"container\" data-e-type=\"container\">\n\t\t\t\t<div class=\"elementor-element elementor-element-22aeb78 elementor-align-center elementor-widget elementor-widget-button\" data-id=\"22aeb78\" data-element_type=\"widget\" data-e-type=\"widget\" data-widget_type=\"button.default\">\n\t\t\t\t\t\t\t\t\t\t<a class=\"elementor-button elementor-button-link elementor-size-sm\" href=\"https:\/\/www.doctoralia.com.br\/clinicas\/clinica-maranatha-saude\" target=\"_blank\">\n\t\t\t\t\t\t<span class=\"elementor-button-content-wrapper\">\n\t\t\t\t\t\t<span class=\"elementor-button-icon\">\n\t\t\t\t<i aria-hidden=\"true\" class=\"icon icon-agenda1\"><\/i>\t\t\t<\/span>\n\t\t\t\t\t\t\t\t\t<span class=\"elementor-button-text\">Agende seu Hor\u00e1rio<\/span>\n\t\t\t\t\t<\/span>\n\t\t\t\t\t<\/a>\n\t\t\t\t\t\t\t\t<\/div>\n\t\t\t\t<\/div>\n\t\t\t\t\t<\/div>\n\t\t\t\t<\/div>\n\t\t<div class=\"elementor-element elementor-element-41335f5 e-flex e-con-boxed e-con e-parent\" data-id=\"41335f5\" data-element_type=\"container\" data-e-type=\"container\" data-settings=\"{&quot;background_background&quot;:&quot;classic&quot;}\">\n\t\t\t\t\t<div class=\"e-con-inner\">\n\t\t\t\t<div class=\"elementor-element elementor-element-86d2bc8 elementor-widget elementor-widget-text-editor\" data-id=\"86d2bc8\" data-element_type=\"widget\" data-e-type=\"widget\" data-widget_type=\"text-editor.default\">\n\t\t\t\t\t\t\t\t\t<p style=\"text-align: center;\"><strong>Atendimento de Qualidade, Pre\u00e7os Acess\u00edveis e M\u00e9dicos Qualificados<\/strong><\/p><p style=\"text-align: center;\">Na Maranatha Sa\u00fade, oferecemos consultas em diversas especialidades m\u00e9dicas, como cl\u00ednico geral, cirurgia pl\u00e1stica, cardiologia, ginecologia, massoterapia, medicina do trabalho, medico da familia, geriatra, urologia, odontologia, pediatria nutri\u00e7\u00e3o e psicologia.<\/p><p style=\"text-align: center;\">Realizamos tamb\u00e9m Exames toxicol\u00f3gicos e laboratoriais, Ultrassom, Espirometria, Eletrocardiograma e Eletroencefalograma<\/p>\t\t\t\t\t\t\t\t<\/div>\n\t\t\t\t<div class=\"elementor-element elementor-element-b51b2e1 elementor-widget elementor-widget-image\" data-id=\"b51b2e1\" data-element_type=\"widget\" data-e-type=\"widget\" data-widget_type=\"image.default\">\n\t\t\t\t\t\t\t\t\t\t\t\t\t\t\t<img decoding=\"async\" width=\"150\" height=\"28\" src=\"https:\/\/maranathasaude.com\/wp-content\/uploads\/2025\/11\/estrelas.png\" class=\"attachment-full size-full wp-image-53\" alt=\"\" \/>\t\t\t\t\t\t\t\t\t\t\t\t\t\t\t<\/div>\n\t\t\t\t<div class=\"elementor-element elementor-element-fbb73dc elementor-widget elementor-widget-text-editor\" data-id=\"fbb73dc\" data-element_type=\"widget\" data-e-type=\"widget\" data-widget_type=\"text-editor.default\">\n\t\t\t\t\t\t\t\t\t<p style=\"text-align: center;\">Custo-Benef\u00edcio Acess\u00edvel<\/p>\t\t\t\t\t\t\t\t<\/div>\n\t\t\t\t\t<\/div>\n\t\t\t\t<\/div>\n\t\t<div class=\"elementor-element elementor-element-3f52f2f e-flex e-con-boxed e-con e-parent\" data-id=\"3f52f2f\" data-element_type=\"container\" data-e-type=\"container\">\n\t\t\t\t\t<div class=\"e-con-inner\">\n\t\t\t\t<div class=\"elementor-element elementor-element-e4d984c elementor-widget elementor-widget-heading\" data-id=\"e4d984c\" data-element_type=\"widget\" data-e-type=\"widget\" data-widget_type=\"heading.default\">\n\t\t\t\t\t<h2 class=\"elementor-heading-title elementor-size-default\">Est\u00e1 com d\u00favidas? Quer saber valores? Hor\u00e1rios? Clique abaixo e Converse conosco!<\/h2>\t\t\t\t<\/div>\n\t\t\t\t\t<\/div>\n\t\t\t\t<\/div>\n\t\t<div class=\"elementor-element elementor-element-04a032f e-flex e-con-boxed e-con e-parent\" data-id=\"04a032f\" data-element_type=\"container\" data-e-type=\"container\">\n\t\t\t\t\t<div class=\"e-con-inner\">\n\t\t<div class=\"elementor-element elementor-element-446a79b e-con-full e-flex e-con e-child\" data-id=\"446a79b\" data-element_type=\"container\" data-e-type=\"container\">\n\t\t\t\t<div class=\"elementor-element elementor-element-3fb8e57 elementor-widget elementor-widget-heading\" data-id=\"3fb8e57\" data-element_type=\"widget\" data-e-type=\"widget\" data-widget_type=\"heading.default\">\n\t\t\t\t\t<h2 class=\"elementor-heading-title elementor-size-default\"><a href=\"https:\/\/api.whatsapp.com\/send\/?phone=5541984584569&#038;text=Cupom+da+Sa%C3%BAde+,+favor+n%C3%A3o+apagar+a+mensagem&#038;app_absent=0\" target=\"_blank\">41 98458-4569<\/a><\/h2>\t\t\t\t<\/div>\n\t\t\t\t<div class=\"elementor-element elementor-element-d94e16e elementor-widget elementor-widget-heading\" data-id=\"d94e16e\" data-element_type=\"widget\" data-e-type=\"widget\" data-widget_type=\"heading.default\">\n\t\t\t\t\t<h2 class=\"elementor-heading-title elementor-size-default\">Ao clicar, seu WhatsApp ser\u00e1 aberto!<\/h2>\t\t\t\t<\/div>\n\t\t\t\t<div class=\"elementor-element elementor-element-6df7da8 elementor-align-center elementor-widget elementor-widget-button\" data-id=\"6df7da8\" data-element_type=\"widget\" data-e-type=\"widget\" data-widget_type=\"button.default\">\n\t\t\t\t\t\t\t\t\t\t<a class=\"elementor-button elementor-button-link elementor-size-sm\" href=\"https:\/\/api.whatsapp.com\/send\/?phone=5541984584569&#038;text=Cupom+da+Sa%C3%BAde+,+favor+n%C3%A3o+apagar+a+mensagem&#038;app_absent=0\" target=\"_blank\">\n\t\t\t\t\t\t<span class=\"elementor-button-content-wrapper\">\n\t\t\t\t\t\t<span class=\"elementor-button-icon\">\n\t\t\t\t<svg aria-hidden=\"true\" class=\"e-font-icon-svg e-fab-whatsapp\" viewBox=\"0 0 448 512\" xmlns=\"http:\/\/www.w3.org\/2000\/svg\"><path d=\"M380.9 97.1C339 55.1 283.2 32 223.9 32c-122.4 0-222 99.6-222 222 0 39.1 10.2 77.3 29.6 111L0 480l117.7-30.9c32.4 17.7 68.9 27 106.1 27h.1c122.3 0 224.1-99.6 224.1-222 0-59.3-25.2-115-67.1-157zm-157 341.6c-33.2 0-65.7-8.9-94-25.7l-6.7-4-69.8 18.3L72 359.2l-4.4-7c-18.5-29.4-28.2-63.3-28.2-98.2 0-101.7 82.8-184.5 184.6-184.5 49.3 0 95.6 19.2 130.4 54.1 34.8 34.9 56.2 81.2 56.1 130.5 0 101.8-84.9 184.6-186.6 184.6zm101.2-138.2c-5.5-2.8-32.8-16.2-37.9-18-5.1-1.9-8.8-2.8-12.5 2.8-3.7 5.6-14.3 18-17.6 21.8-3.2 3.7-6.5 4.2-12 1.4-32.6-16.3-54-29.1-75.5-66-5.7-9.8 5.7-9.1 16.3-30.3 1.8-3.7.9-6.9-.5-9.7-1.4-2.8-12.5-30.1-17.1-41.2-4.5-10.8-9.1-9.3-12.5-9.5-3.2-.2-6.9-.2-10.6-.2-3.7 0-9.7 1.4-14.8 6.9-5.1 5.6-19.4 19-19.4 46.3 0 27.3 19.9 53.7 22.6 57.4 2.8 3.7 39.1 59.7 94.8 83.8 35.2 15.2 49 16.5 66.6 13.9 10.7-1.6 32.8-13.4 37.4-26.4 4.6-13 4.6-24.1 3.2-26.4-1.3-2.5-5-3.9-10.5-6.6z\"><\/path><\/svg>\t\t\t<\/span>\n\t\t\t\t\t\t\t\t\t<span class=\"elementor-button-text\">Agende sua Consulta pelo WhatsApp<\/span>\n\t\t\t\t\t<\/span>\n\t\t\t\t\t<\/a>\n\t\t\t\t\t\t\t\t<\/div>\n\t\t\t\t<\/div>\n\t\t<div class=\"elementor-element elementor-element-8387b98 e-con-full e-flex e-con e-child\" data-id=\"8387b98\" data-element_type=\"container\" data-e-type=\"container\" data-settings=\"{&quot;background_background&quot;:&quot;classic&quot;}\">\n\t\t\t\t<div class=\"elementor-element elementor-element-78ca0d2 elementor-widget elementor-widget-html\" data-id=\"78ca0d2\" data-element_type=\"widget\" data-e-type=\"widget\" data-widget_type=\"html.default\">\n\t\t\t\t\t\n<div class=\"wpcf7 no-js\" id=\"wpcf7-f64-o1\" lang=\"pt-BR\" dir=\"ltr\" data-wpcf7-id=\"64\">\n<div class=\"screen-reader-response\"><p role=\"status\" aria-live=\"polite\" aria-atomic=\"true\"><\/p> <ul><\/ul><\/div>\n<form action=\"\/index.php\/wp-json\/wp\/v2\/pages\/30#wpcf7-f64-o1\" method=\"post\" class=\"wpcf7-form init\" aria-label=\"Formul\u00e1rios de contato\" novalidate=\"novalidate\" data-status=\"init\">\n<fieldset class=\"hidden-fields-container\"><input type=\"hidden\" name=\"_wpcf7\" value=\"64\" \/><input type=\"hidden\" name=\"_wpcf7_version\" value=\"6.1.5\" \/><input type=\"hidden\" name=\"_wpcf7_locale\" value=\"pt_BR\" \/><input type=\"hidden\" name=\"_wpcf7_unit_tag\" value=\"wpcf7-f64-o1\" \/><input type=\"hidden\" name=\"_wpcf7_container_post\" value=\"0\" \/><input type=\"hidden\" name=\"_wpcf7_posted_data_hash\" value=\"\" \/>\n<\/fieldset>\n<div class=\"form-duas-colunas\">\n\t<div class=\"coluna\">\n\t\t<p><span class=\"wpcf7-form-control-wrap\" data-name=\"nome\"><input size=\"40\" maxlength=\"400\" class=\"wpcf7-form-control wpcf7-text wpcf7-validates-as-required\" aria-required=\"true\" aria-invalid=\"false\" placeholder=\"Nome\" value=\"\" type=\"text\" name=\"nome\" \/><\/span><br \/>\n<span class=\"wpcf7-form-control-wrap\" data-name=\"email\"><input size=\"40\" maxlength=\"400\" class=\"wpcf7-form-control wpcf7-email wpcf7-validates-as-required wpcf7-text wpcf7-validates-as-email\" aria-required=\"true\" aria-invalid=\"false\" placeholder=\"* E-mail\" value=\"\" type=\"email\" name=\"email\" \/><\/span>\n\t\t<\/p>\n\t<\/div>\n\t<div class=\"coluna\">\n\t\t<p><span class=\"wpcf7-form-control-wrap\" data-name=\"whatsapp\"><input size=\"40\" maxlength=\"400\" class=\"wpcf7-form-control wpcf7-tel wpcf7-validates-as-required wpcf7-text wpcf7-validates-as-tel\" aria-required=\"true\" aria-invalid=\"false\" placeholder=\"* WhatsApp\" value=\"\" type=\"tel\" name=\"whatsapp\" \/><\/span><br \/>\n<span class=\"wpcf7-form-control-wrap\" data-name=\"politica\"><span class=\"wpcf7-form-control wpcf7-acceptance\"><span class=\"wpcf7-list-item\"><label><input type=\"checkbox\" name=\"politica\" value=\"1\" aria-invalid=\"false\" \/><span class=\"wpcf7-list-item-label\">Concordo com a pol\u00edtica de privacidade e aceito receber conte\u00fados e ofertas.<\/span><\/label><\/span><\/span><\/span>\n\t\t<\/p>\n\t<\/div>\n<\/div>\n<div class=\"botao\">\n\t<p><input class=\"wpcf7-form-control wpcf7-submit has-spinner\" type=\"submit\" value=\"Enviar agora mesmo\" \/>\n\t<\/p>\n<\/div><div class=\"wpcf7-response-output\" aria-hidden=\"true\"><\/div>\n<\/form>\n<\/div>\n\t\t\t\t<\/div>\n\t\t\t\t<\/div>\n\t\t\t\t\t<\/div>\n\t\t\t\t<\/div>\n\t\t\t\t<\/div>\n\t\t","protected":false},"excerpt":{"rendered":"<p>Consultas e Exames em um s\u00f3 lugar: Qualidade e Pre\u00e7os Acess\u00edveis Maranatha Sa\u00fade Avenida Gabriel de Lara 955, Paranagu\u00e1\/PR\u00a0 CEP: 83203742 Agende sua Consulta pelo WhatsApp Ligue para Maranatha Sa\u00fade Agende seu Hor\u00e1rio Atendimento de Qualidade, Pre\u00e7os Acess\u00edveis e M\u00e9dicos Qualificados Na Maranatha Sa\u00fade, oferecemos consultas em diversas especialidades m\u00e9dicas, como cl\u00ednico geral, cirurgia pl\u00e1stica, [&hellip;]<\/p>\n","protected":false},"author":2,"featured_media":0,"parent":0,"menu_order":0,"comment_status":"closed","ping_status":"closed","template":"elementor_header_footer","meta":{"footnotes":""},"class_list":["post-30","page","type-page","status-publish","hentry"],"yoast_head":"<!-- This site is optimized with the Yoast SEO plugin v27.0 - https:\/\/yoast.com\/product\/yoast-seo-wordpress\/ -->\n<title>inicial - Maranatha Sa\u00fade<\/title>\n<meta name=\"robots\" content=\"index, follow, max-snippet:-1, max-image-preview:large, max-video-preview:-1\" \/>\n<link rel=\"canonical\" href=\"https:\/\/maranathasaude.com\/\" \/>\n<meta property=\"og:locale\" content=\"pt_BR\" \/>\n<meta property=\"og:type\" content=\"article\" \/>\n<meta property=\"og:title\" content=\"inicial - Maranatha Sa\u00fade\" \/>\n<meta property=\"og:description\" content=\"Consultas e Exames em um s\u00f3 lugar: Qualidade e Pre\u00e7os Acess\u00edveis Maranatha Sa\u00fade Avenida Gabriel de Lara 955, Paranagu\u00e1\/PR\u00a0 CEP: 83203742 Agende sua Consulta pelo WhatsApp Ligue para Maranatha Sa\u00fade Agende seu Hor\u00e1rio Atendimento de Qualidade, Pre\u00e7os Acess\u00edveis e M\u00e9dicos Qualificados Na Maranatha Sa\u00fade, oferecemos consultas em diversas especialidades m\u00e9dicas, como cl\u00ednico geral, cirurgia pl\u00e1stica, [&hellip;]\" \/>\n<meta property=\"og:url\" content=\"https:\/\/maranathasaude.com\/\" \/>\n<meta property=\"og:site_name\" content=\"Maranatha Sa\u00fade\" \/>\n<meta property=\"article:modified_time\" content=\"2025-11-10T19:22:14+00:00\" \/>\n<meta property=\"og:image\" content=\"https:\/\/maranathasaude.com\/wp-content\/uploads\/2025\/11\/estrelas.png\" \/>\n\t<meta property=\"og:image:width\" content=\"150\" \/>\n\t<meta property=\"og:image:height\" content=\"28\" \/>\n\t<meta property=\"og:image:type\" content=\"image\/png\" \/>\n<meta name=\"twitter:card\" content=\"summary_large_image\" \/>\n<meta name=\"twitter:label1\" content=\"Est. tempo de leitura\" \/>\n\t<meta name=\"twitter:data1\" content=\"1 minuto\" \/>\n<script type=\"application\/ld+json\" class=\"yoast-schema-graph\">{\"@context\":\"https:\/\/schema.org\",\"@graph\":[{\"@type\":\"WebPage\",\"@id\":\"https:\/\/maranathasaude.com\/\",\"url\":\"https:\/\/maranathasaude.com\/\",\"name\":\"inicial - Maranatha Sa\u00fade\",\"isPartOf\":{\"@id\":\"https:\/\/maranathasaude.com\/#website\"},\"primaryImageOfPage\":{\"@id\":\"https:\/\/maranathasaude.com\/#primaryimage\"},\"image\":{\"@id\":\"https:\/\/maranathasaude.com\/#primaryimage\"},\"thumbnailUrl\":\"https:\/\/maranathasaude.com\/wp-content\/uploads\/2025\/11\/estrelas.png\",\"datePublished\":\"2025-11-08T00:04:23+00:00\",\"dateModified\":\"2025-11-10T19:22:14+00:00\",\"breadcrumb\":{\"@id\":\"https:\/\/maranathasaude.com\/#breadcrumb\"},\"inLanguage\":\"pt-BR\",\"potentialAction\":[{\"@type\":\"ReadAction\",\"target\":[\"https:\/\/maranathasaude.com\/\"]}]},{\"@type\":\"ImageObject\",\"inLanguage\":\"pt-BR\",\"@id\":\"https:\/\/maranathasaude.com\/#primaryimage\",\"url\":\"https:\/\/maranathasaude.com\/wp-content\/uploads\/2025\/11\/estrelas.png\",\"contentUrl\":\"https:\/\/maranathasaude.com\/wp-content\/uploads\/2025\/11\/estrelas.png\",\"width\":150,\"height\":28},{\"@type\":\"BreadcrumbList\",\"@id\":\"https:\/\/maranathasaude.com\/#breadcrumb\",\"itemListElement\":[{\"@type\":\"ListItem\",\"position\":1,\"name\":\"In\u00edcio\",\"item\":\"https:\/\/maranathasaude.com\/\"},{\"@type\":\"ListItem\",\"position\":2,\"name\":\"inicial\"}]},{\"@type\":\"WebSite\",\"@id\":\"https:\/\/maranathasaude.com\/#website\",\"url\":\"https:\/\/maranathasaude.com\/\",\"name\":\"Maranatha Sa\u00fade\",\"description\":\"\",\"potentialAction\":[{\"@type\":\"SearchAction\",\"target\":{\"@type\":\"EntryPoint\",\"urlTemplate\":\"https:\/\/maranathasaude.com\/?s={search_term_string}\"},\"query-input\":{\"@type\":\"PropertyValueSpecification\",\"valueRequired\":true,\"valueName\":\"search_term_string\"}}],\"inLanguage\":\"pt-BR\"}]}<\/script>\n<!-- \/ Yoast SEO plugin. -->","yoast_head_json":{"title":"inicial - Maranatha Sa\u00fade","robots":{"index":"index","follow":"follow","max-snippet":"max-snippet:-1","max-image-preview":"max-image-preview:large","max-video-preview":"max-video-preview:-1"},"canonical":"https:\/\/maranathasaude.com\/","og_locale":"pt_BR","og_type":"article","og_title":"inicial - Maranatha Sa\u00fade","og_description":"Consultas e Exames em um s\u00f3 lugar: Qualidade e Pre\u00e7os Acess\u00edveis Maranatha Sa\u00fade Avenida Gabriel de Lara 955, Paranagu\u00e1\/PR\u00a0 CEP: 83203742 Agende sua Consulta pelo WhatsApp Ligue para Maranatha Sa\u00fade Agende seu Hor\u00e1rio Atendimento de Qualidade, Pre\u00e7os Acess\u00edveis e M\u00e9dicos Qualificados Na Maranatha Sa\u00fade, oferecemos consultas em diversas especialidades m\u00e9dicas, como cl\u00ednico geral, cirurgia pl\u00e1stica, [&hellip;]","og_url":"https:\/\/maranathasaude.com\/","og_site_name":"Maranatha Sa\u00fade","article_modified_time":"2025-11-10T19:22:14+00:00","og_image":[{"width":150,"height":28,"url":"https:\/\/maranathasaude.com\/wp-content\/uploads\/2025\/11\/estrelas.png","type":"image\/png"}],"twitter_card":"summary_large_image","twitter_misc":{"Est. tempo de leitura":"1 minuto"},"schema":{"@context":"https:\/\/schema.org","@graph":[{"@type":"WebPage","@id":"https:\/\/maranathasaude.com\/","url":"https:\/\/maranathasaude.com\/","name":"inicial - Maranatha Sa\u00fade","isPartOf":{"@id":"https:\/\/maranathasaude.com\/#website"},"primaryImageOfPage":{"@id":"https:\/\/maranathasaude.com\/#primaryimage"},"image":{"@id":"https:\/\/maranathasaude.com\/#primaryimage"},"thumbnailUrl":"https:\/\/maranathasaude.com\/wp-content\/uploads\/2025\/11\/estrelas.png","datePublished":"2025-11-08T00:04:23+00:00","dateModified":"2025-11-10T19:22:14+00:00","breadcrumb":{"@id":"https:\/\/maranathasaude.com\/#breadcrumb"},"inLanguage":"pt-BR","potentialAction":[{"@type":"ReadAction","target":["https:\/\/maranathasaude.com\/"]}]},{"@type":"ImageObject","inLanguage":"pt-BR","@id":"https:\/\/maranathasaude.com\/#primaryimage","url":"https:\/\/maranathasaude.com\/wp-content\/uploads\/2025\/11\/estrelas.png","contentUrl":"https:\/\/maranathasaude.com\/wp-content\/uploads\/2025\/11\/estrelas.png","width":150,"height":28},{"@type":"BreadcrumbList","@id":"https:\/\/maranathasaude.com\/#breadcrumb","itemListElement":[{"@type":"ListItem","position":1,"name":"In\u00edcio","item":"https:\/\/maranathasaude.com\/"},{"@type":"ListItem","position":2,"name":"inicial"}]},{"@type":"WebSite","@id":"https:\/\/maranathasaude.com\/#website","url":"https:\/\/maranathasaude.com\/","name":"Maranatha Sa\u00fade","description":"","potentialAction":[{"@type":"SearchAction","target":{"@type":"EntryPoint","urlTemplate":"https:\/\/maranathasaude.com\/?s={search_term_string}"},"query-input":{"@type":"PropertyValueSpecification","valueRequired":true,"valueName":"search_term_string"}}],"inLanguage":"pt-BR"}]}},"_links":{"self":[{"href":"https:\/\/maranathasaude.com\/index.php\/wp-json\/wp\/v2\/pages\/30","targetHints":{"allow":["GET"]}}],"collection":[{"href":"https:\/\/maranathasaude.com\/index.php\/wp-json\/wp\/v2\/pages"}],"about":[{"href":"https:\/\/maranathasaude.com\/index.php\/wp-json\/wp\/v2\/types\/page"}],"author":[{"embeddable":true,"href":"https:\/\/maranathasaude.com\/index.php\/wp-json\/wp\/v2\/users\/2"}],"replies":[{"embeddable":true,"href":"https:\/\/maranathasaude.com\/index.php\/wp-json\/wp\/v2\/comments?post=30"}],"version-history":[{"count":43,"href":"https:\/\/maranathasaude.com\/index.php\/wp-json\/wp\/v2\/pages\/30\/revisions"}],"predecessor-version":[{"id":113,"href":"https:\/\/maranathasaude.com\/index.php\/wp-json\/wp\/v2\/pages\/30\/revisions\/113"}],"wp:attachment":[{"href":"https:\/\/maranathasaude.com\/index.php\/wp-json\/wp\/v2\/media?parent=30"}],"curies":[{"name":"wp","href":"https:\/\/api.w.org\/{rel}","templated":true}]}}